{"id":425,"date":"2024-06-01T18:48:19","date_gmt":"2024-06-01T16:48:19","guid":{"rendered":"https:\/\/www.collecta.at\/impressum\/"},"modified":"2024-06-16T11:13:16","modified_gmt":"2024-06-16T09:13:16","slug":"imprint","status":"publish","type":"page","link":"https:\/\/www.collecta.at\/en\/imprint\/","title":{"rendered":"Imprint"},"content":{"rendered":"<p>[et_pb_section fb_built=&#8221;1&#8243; _builder_version=&#8221;4.16&#8243; global_colors_info=&#8221;{}&#8221;][et_pb_row _builder_version=&#8221;4.16&#8243; background_size=&#8221;initial&#8221; background_position=&#8221;top_left&#8221; background_repeat=&#8221;repeat&#8221; global_colors_info=&#8221;{}&#8221;][et_pb_column type=&#8221;4_4&#8243; _builder_version=&#8221;4.16&#8243; custom_padding=&#8221;|||&#8221; global_colors_info=&#8221;{}&#8221; custom_padding__hover=&#8221;|||&#8221;][et_pb_text _builder_version=&#8221;4.25.1&#8243; _module_preset=&#8221;default&#8221; header_font=&#8221;Noto Sans|800|||||||&#8221; header_font_size=&#8221;36px&#8221; header_letter_spacing=&#8221;-1px&#8221; animation_style=&#8221;slide&#8221; animation_direction=&#8221;bottom&#8221; global_colors_info=&#8221;{}&#8221;]<\/p>\n<h1>Imprint<\/h1>\n<p>[\/et_pb_text][et_pb_text _builder_version=&#8221;4.25.1&#8243; text_font_size=&#8221;22px&#8221; text_letter_spacing=&#8221;-1px&#8221; text_line_height=&#8221;1.8em&#8221; background_size=&#8221;initial&#8221; background_position=&#8221;top_left&#8221; background_repeat=&#8221;repeat&#8221; animation_style=&#8221;slide&#8221; animation_direction=&#8221;bottom&#8221; global_colors_info=&#8221;{}&#8221;]<\/p>\n<p><strong>BankServiceCenter<\/strong><br \/><strong>Collecta e.U.<\/strong><\/p>\n<p>Harald Garstenauer<\/p>\n<p>Bahnhofstrasse 28<br \/>A-4522 Sierning<br \/>Austria<\/p>\n<p>Phone: <a href=\"tel:+43725953900\">07259 5390-0<\/a><br \/>Fax: <a href=\"fax:+437259539012\">07259 5390-12<\/a><\/p>\n<p><a href=\"mailto:office@collecta.at\">office@collecta.at<\/a><br \/><a href=\"https:\/\/www.collecta.at\/\">www.collecta.at<\/a><\/p>\n<p><strong>Member of the Upper Austrian Chamber of Economy, Trade Associations &#8220;Fahrzeughandel&#8221; and &#8220;Immobilien- und Verm\u00f6genstreuh\u00e4nder&#8221;.<\/strong><\/p>\n<p>.<\/p>\n<p><strong>Company registration number:<\/strong> FN300674v<br \/><strong>GLN:<\/strong> 9110017173749<br \/><strong>GISA-Zahl:<\/strong> 17012508 u. 16972698<br \/><strong>VAT-ID:<\/strong> ATU45310104<\/p>\n<p><a href=\"https:\/\/firmen.wko.at\/collecta-eu-bankenservicecenter\/ober\u00f6sterreich\/?firmaid=598a26ed-bc02-4afc-8ea0-3d89dbb12c80\"><img decoding=\"async\" class=\"alignnone wp-image-27 size-full\" src=\"https:\/\/www.collecta.at\/wp-content\/uploads\/2024\/06\/wko.png\" alt=\"Informationspflichten lt. E-Commerce-Gesetz (ECG) auf WKO.at\" width=\"169\" height=\"23\" \/><\/a><\/p>\n<p><strong>Photos &amp; Videos:<\/strong> envato elements, Freepik<\/p>\n<p><strong>Web design:<\/strong> <a href=\"https:\/\/www.schmatz.cc\/\">Stephan Schmatz<\/a><\/p>\n<p>Harald Garstenauer, owner and general manager of Collecta e.U is as well owner and general manager of Collecta GmbH (see <a href=\"https:\/\/www.collecta.gmbh\/\">www.collecta.gmbh<\/a>) and Court certified and sworn expert (see <a href=\"https:\/\/www.garstenauer.at\/\">www.garstenauer.at<\/a>).<\/p>\n<p>[\/et_pb_text][\/et_pb_column][\/et_pb_row][\/et_pb_section]<\/p>\n","protected":false},"excerpt":{"rendered":"<p>Collecta e.U BankServiceCenter assists you in claims and services in connection with leasing and loans.<\/p>\n","protected":false},"author":1,"featured_media":34,"parent":0,"menu_order":0,"comment_status":"closed","ping_status":"closed","template":"","meta":{"_et_pb_use_builder":"on","_et_pb_old_content":"<strong>BankServiceCenter<\/strong>\r\n<strong>Collecta e.U.<\/strong>\r\n\r\nHarald Garstenauer\r\n\r\nBahnhofstra\u00dfe 28\r\nA-4522 Sierning\r\n\r\nTel.: <a href=\"tel:+43725953900\">07259 5390-0<\/a>\r\nFax: <a href=\"fax:+437259539012\">07259 5390-12<\/a>\r\n\r\n<a href=\"mailto:office@collecta.at\">office@collecta.at<\/a>\r\n<a href=\"https:\/\/www.collecta.at\/\">www.collecta.at<\/a>\r\n\r\n<strong>Mitglied der Wirtschaftskammer Ober\u00f6sterreich, Fachgruppen \"Fahrzeughandel\" sowie \"Immobilien- und Verm\u00f6genstreuh\u00e4nder\".<\/strong>\r\n\r\n<strong>Firmenbuchnummer:<\/strong> FN300674v\r\n<strong>GLN:<\/strong> 9110017173749\r\n<strong>GISA-Zahl:<\/strong> 17012508 u. 16972698\r\n<strong>Umsatzsteuer-Identifikationsnummer:<\/strong> ATU45310104\r\n\r\n<a href=\"https:\/\/firmen.wko.at\/collecta-eu-bankenservicecenter\/ober\u00f6sterreich\/?firmaid=598a26ed-bc02-4afc-8ea0-3d89dbb12c80\"><img class=\"alignnone wp-image-27 size-full\" src=\"https:\/\/www.collecta.at\/wp-content\/uploads\/2024\/06\/wko.png\" alt=\"Informationspflichten lt. E-Commerce-Gesetz (ECG) auf WKO.at\" width=\"169\" height=\"23\" \/><\/a>\r\n\r\n<strong>Fotos & Videos:<\/strong> envato elements\r\n\r\n<strong>Webdesign:<\/strong> <a href=\"https:\/\/www.schmatz.cc\/\">Stephan Schmatz<\/a>\r\n\r\nDer Inhaber Harald Garstenauer ist dar\u00fcber hinaus Inhaber und Gesch\u00e4ftsf\u00fchrer der Collecta gmbH (siehe <a href=\"https:\/\/www.collecta.gmbh\/\">www.collecta.gmbh<\/a>) und Allgemein beeideter und gerichtlich zertifizierter Sachverst\u00e4ndiger (siehe <a href=\"https:\/\/www.garstenauer.at\/\">www.garstenauer.at<\/a>).","_et_gb_content_width":"","footnotes":""},"class_list":["post-425","page","type-page","status-publish","has-post-thumbnail","hentry"],"yoast_head":"<!-- This site is optimized with the Yoast SEO plugin v27.4 - https:\/\/yoast.com\/product\/yoast-seo-wordpress\/ -->\n<title>Imprint - Collecta e.U.<\/title>\n<meta name=\"description\" content=\"Collecta e.U BankServiceCenter assists you in claims and services in connection with leasing and loans.\" \/>\n<meta name=\"robots\" content=\"noindex, follow\" \/>\n<meta property=\"og:locale\" content=\"en_US\" \/>\n<meta property=\"og:type\" content=\"article\" \/>\n<meta property=\"og:title\" content=\"Collecta e.U - Imprint\" \/>\n<meta property=\"og:description\" content=\"Collecta e.U BankServiceCenter assists you in claims and services in connection with leasing and loans.\" \/>\n<meta property=\"og:url\" content=\"https:\/\/www.collecta.at\/impressum\/\" \/>\n<meta property=\"og:site_name\" content=\"Collecta e.U.\" \/>\n<meta property=\"article:modified_time\" content=\"2024-06-16T09:13:16+00:00\" \/>\n<meta property=\"og:image\" content=\"https:\/\/www.collecta.at\/wp-content\/uploads\/2024\/06\/kontakt_collectaeu.jpg\" \/>\n\t<meta property=\"og:image:width\" content=\"2000\" \/>\n\t<meta property=\"og:image:height\" content=\"1205\" \/>\n\t<meta property=\"og:image:type\" content=\"image\/jpeg\" \/>\n<meta name=\"twitter:card\" content=\"summary_large_image\" \/>\n<meta name=\"twitter:title\" content=\"Collecta e.U - Imprint\" \/>\n<meta name=\"twitter:description\" content=\"Collecta e.U BankServiceCenter assists you in claims and services in connection with leasing and loans.\" \/>\n<meta name=\"twitter:image\" content=\"https:\/\/www.collecta.at\/wp-content\/uploads\/2024\/06\/kontakt_collectaeu.jpg\" \/>\n<meta name=\"twitter:label1\" content=\"Est. reading time\" \/>\n\t<meta name=\"twitter:data1\" content=\"1 minute\" \/>\n<script type=\"application\/ld+json\" class=\"yoast-schema-graph\">{\"@context\":\"https:\\\/\\\/schema.org\",\"@graph\":[{\"@type\":\"WebPage\",\"@id\":\"https:\\\/\\\/www.collecta.at\\\/impressum\\\/\",\"url\":\"https:\\\/\\\/www.collecta.at\\\/impressum\\\/\",\"name\":\"Imprint - Collecta e.U.\",\"isPartOf\":{\"@id\":\"https:\\\/\\\/www.collecta.at\\\/#website\"},\"primaryImageOfPage\":{\"@id\":\"https:\\\/\\\/www.collecta.at\\\/impressum\\\/#primaryimage\"},\"image\":{\"@id\":\"https:\\\/\\\/www.collecta.at\\\/impressum\\\/#primaryimage\"},\"thumbnailUrl\":\"https:\\\/\\\/www.collecta.at\\\/wp-content\\\/uploads\\\/2024\\\/06\\\/kontakt_collectaeu.jpg\",\"datePublished\":\"2024-06-01T16:48:19+00:00\",\"dateModified\":\"2024-06-16T09:13:16+00:00\",\"description\":\"Collecta e.U BankServiceCenter assists you in claims and services in connection with leasing and loans.\",\"breadcrumb\":{\"@id\":\"https:\\\/\\\/www.collecta.at\\\/impressum\\\/#breadcrumb\"},\"inLanguage\":\"en-US\",\"potentialAction\":[{\"@type\":\"ReadAction\",\"target\":[\"https:\\\/\\\/www.collecta.at\\\/impressum\\\/\"]}]},{\"@type\":\"ImageObject\",\"inLanguage\":\"en-US\",\"@id\":\"https:\\\/\\\/www.collecta.at\\\/impressum\\\/#primaryimage\",\"url\":\"https:\\\/\\\/www.collecta.at\\\/wp-content\\\/uploads\\\/2024\\\/06\\\/kontakt_collectaeu.jpg\",\"contentUrl\":\"https:\\\/\\\/www.collecta.at\\\/wp-content\\\/uploads\\\/2024\\\/06\\\/kontakt_collectaeu.jpg\",\"width\":2000,\"height\":1205,\"caption\":\"Contact us icons on wooden blocks. Hand holding a dice with communication icon. Copy space\"},{\"@type\":\"BreadcrumbList\",\"@id\":\"https:\\\/\\\/www.collecta.at\\\/impressum\\\/#breadcrumb\",\"itemListElement\":[{\"@type\":\"ListItem\",\"position\":1,\"name\":\"Startseite\",\"item\":\"https:\\\/\\\/www.collecta.at\\\/\"},{\"@type\":\"ListItem\",\"position\":2,\"name\":\"Imprint\"}]},{\"@type\":\"WebSite\",\"@id\":\"https:\\\/\\\/www.collecta.at\\\/#website\",\"url\":\"https:\\\/\\\/www.collecta.at\\\/\",\"name\":\"Collecta e.U.\",\"description\":\"BankServiceCenter\",\"potentialAction\":[{\"@type\":\"SearchAction\",\"target\":{\"@type\":\"EntryPoint\",\"urlTemplate\":\"https:\\\/\\\/www.collecta.at\\\/?s={search_term_string}\"},\"query-input\":{\"@type\":\"PropertyValueSpecification\",\"valueRequired\":true,\"valueName\":\"search_term_string\"}}],\"inLanguage\":\"en-US\"}]}<\/script>\n<!-- \/ Yoast SEO plugin. -->","yoast_head_json":{"title":"Imprint - Collecta e.U.","description":"Collecta e.U BankServiceCenter assists you in claims and services in connection with leasing and loans.","robots":{"index":"noindex","follow":"follow"},"og_locale":"en_US","og_type":"article","og_title":"Collecta e.U - Imprint","og_description":"Collecta e.U BankServiceCenter assists you in claims and services in connection with leasing and loans.","og_url":"https:\/\/www.collecta.at\/impressum\/","og_site_name":"Collecta e.U.","article_modified_time":"2024-06-16T09:13:16+00:00","og_image":[{"width":2000,"height":1205,"url":"https:\/\/www.collecta.at\/wp-content\/uploads\/2024\/06\/kontakt_collectaeu.jpg","type":"image\/jpeg"}],"twitter_card":"summary_large_image","twitter_title":"Collecta e.U - Imprint","twitter_description":"Collecta e.U BankServiceCenter assists you in claims and services in connection with leasing and loans.","twitter_image":"https:\/\/www.collecta.at\/wp-content\/uploads\/2024\/06\/kontakt_collectaeu.jpg","twitter_misc":{"Est. reading time":"1 minute"},"schema":{"@context":"https:\/\/schema.org","@graph":[{"@type":"WebPage","@id":"https:\/\/www.collecta.at\/impressum\/","url":"https:\/\/www.collecta.at\/impressum\/","name":"Imprint - Collecta e.U.","isPartOf":{"@id":"https:\/\/www.collecta.at\/#website"},"primaryImageOfPage":{"@id":"https:\/\/www.collecta.at\/impressum\/#primaryimage"},"image":{"@id":"https:\/\/www.collecta.at\/impressum\/#primaryimage"},"thumbnailUrl":"https:\/\/www.collecta.at\/wp-content\/uploads\/2024\/06\/kontakt_collectaeu.jpg","datePublished":"2024-06-01T16:48:19+00:00","dateModified":"2024-06-16T09:13:16+00:00","description":"Collecta e.U BankServiceCenter assists you in claims and services in connection with leasing and loans.","breadcrumb":{"@id":"https:\/\/www.collecta.at\/impressum\/#breadcrumb"},"inLanguage":"en-US","potentialAction":[{"@type":"ReadAction","target":["https:\/\/www.collecta.at\/impressum\/"]}]},{"@type":"ImageObject","inLanguage":"en-US","@id":"https:\/\/www.collecta.at\/impressum\/#primaryimage","url":"https:\/\/www.collecta.at\/wp-content\/uploads\/2024\/06\/kontakt_collectaeu.jpg","contentUrl":"https:\/\/www.collecta.at\/wp-content\/uploads\/2024\/06\/kontakt_collectaeu.jpg","width":2000,"height":1205,"caption":"Contact us icons on wooden blocks. Hand holding a dice with communication icon. Copy space"},{"@type":"BreadcrumbList","@id":"https:\/\/www.collecta.at\/impressum\/#breadcrumb","itemListElement":[{"@type":"ListItem","position":1,"name":"Startseite","item":"https:\/\/www.collecta.at\/"},{"@type":"ListItem","position":2,"name":"Imprint"}]},{"@type":"WebSite","@id":"https:\/\/www.collecta.at\/#website","url":"https:\/\/www.collecta.at\/","name":"Collecta e.U.","description":"BankServiceCenter","potentialAction":[{"@type":"SearchAction","target":{"@type":"EntryPoint","urlTemplate":"https:\/\/www.collecta.at\/?s={search_term_string}"},"query-input":{"@type":"PropertyValueSpecification","valueRequired":true,"valueName":"search_term_string"}}],"inLanguage":"en-US"}]}},"_links":{"self":[{"href":"https:\/\/www.collecta.at\/en\/wp-json\/wp\/v2\/pages\/425","targetHints":{"allow":["GET"]}}],"collection":[{"href":"https:\/\/www.collecta.at\/en\/wp-json\/wp\/v2\/pages"}],"about":[{"href":"https:\/\/www.collecta.at\/en\/wp-json\/wp\/v2\/types\/page"}],"author":[{"embeddable":true,"href":"https:\/\/www.collecta.at\/en\/wp-json\/wp\/v2\/users\/1"}],"replies":[{"embeddable":true,"href":"https:\/\/www.collecta.at\/en\/wp-json\/wp\/v2\/comments?post=425"}],"version-history":[{"count":3,"href":"https:\/\/www.collecta.at\/en\/wp-json\/wp\/v2\/pages\/425\/revisions"}],"predecessor-version":[{"id":484,"href":"https:\/\/www.collecta.at\/en\/wp-json\/wp\/v2\/pages\/425\/revisions\/484"}],"wp:featuredmedia":[{"embeddable":true,"href":"https:\/\/www.collecta.at\/en\/wp-json\/wp\/v2\/media\/34"}],"wp:attachment":[{"href":"https:\/\/www.collecta.at\/en\/wp-json\/wp\/v2\/media?parent=425"}],"curies":[{"name":"wp","href":"https:\/\/api.w.org\/{rel}","templated":true}]}}