{"id":426,"date":"2024-05-05T10:21:19","date_gmt":"2024-05-05T08:21:19","guid":{"rendered":"https:\/\/www.collecta.at\/datenschutzerklaerung\/"},"modified":"2024-06-16T20:10:22","modified_gmt":"2024-06-16T18:10:22","slug":"privacy","status":"publish","type":"page","link":"https:\/\/www.collecta.at\/en\/privacy\/","title":{"rendered":"Privacy policy for the use of the website and information in accordance with Art. 13 GDPR"},"content":{"rendered":"<p>[et_pb_section fb_built=&#8221;1&#8243; _builder_version=&#8221;4.16&#8243; global_colors_info=&#8221;{}&#8221;][et_pb_row _builder_version=&#8221;4.16&#8243; background_size=&#8221;initial&#8221; background_position=&#8221;top_left&#8221; background_repeat=&#8221;repeat&#8221; global_colors_info=&#8221;{}&#8221;][et_pb_column type=&#8221;4_4&#8243; _builder_version=&#8221;4.16&#8243; custom_padding=&#8221;|||&#8221; global_colors_info=&#8221;{}&#8221; custom_padding__hover=&#8221;|||&#8221;][et_pb_text _builder_version=&#8221;4.25.2&#8243; _module_preset=&#8221;default&#8221; header_font=&#8221;Noto Sans|800|||||||&#8221; header_font_size=&#8221;36px&#8221; header_letter_spacing=&#8221;-1px&#8221; animation_style=&#8221;slide&#8221; animation_direction=&#8221;right&#8221; hover_enabled=&#8221;0&#8243; global_colors_info=&#8221;{}&#8221; sticky_enabled=&#8221;0&#8243;]<\/p>\n<h1>Privacy policy for the use of the website and information in accordance with Art. 13 GDPR<\/h1>\n<p>[\/et_pb_text][et_pb_text _builder_version=&#8221;4.25.1&#8243; background_size=&#8221;initial&#8221; background_position=&#8221;top_left&#8221; background_repeat=&#8221;repeat&#8221; animation_style=&#8221;slide&#8221; animation_direction=&#8221;bottom&#8221; global_colors_info=&#8221;{}&#8221;](Stand: 21.03.2019)<\/p>\n<h3><strong>Name und Kontaktdaten des Verantwortlichen:<\/strong><\/h3>\n<p>Collecta e.U<br \/>\nBahnhofstra\u00dfe 28<br \/>\nA-4522 Sierning<br \/>\nTel.:\u00a0<a href=\"tel:+43725953900\">07259 5390-0<\/a>, Fax:\u00a0<a href=\"fax:+437259539012\">07259 5390-12<br \/>\n<\/a>E-Mail:\u00a0<a href=\"mailto:office@collecta.at\">office@collecta.at<\/a><\/p>\n<h3><strong>Datenschutzbeauftragter<\/strong>:<\/h3>\n<p>Es wurde kein Datenschutzbeauftragter benannt, da dies gesetzlich nicht notwendig ist.<\/p>\n<p>Personenbezogene Daten werden von Collecta e.U nur nach den Vorgaben des \u00f6sterreichischen Datenschutzgesetzes sowie der Datenschutzgrundverordnung erhoben, verarbeitet und genutzt. Die folgenden Informationen erl\u00e4utern Ihnen, welche Daten im Rahmen eines Vertrages, auf der Website und bei Eingabe der Formulare erfasst und wie diese genutzt werden.<\/p>\n<h3><strong>Website-Nutzung:<\/strong><\/h3>\n<p>Diese Seite verwendet keine dauerhaften Cookies oder Social Plug-Ins.<\/p>\n<p>&nbsp;<\/p>\n<h2 style=\"text-align: left;\" align=\"center\"><strong>Interessenten, Kunden und Lieferanten \u2013 (Vor)-Vertragspartner<\/strong><\/h2>\n<p>&nbsp;<\/p>\n<h3><strong>Rechtsgrundlage und Zweck der Verarbeitung<\/strong><\/h3>\n<h4><strong>Im Rahmen Ihrer Einwilligung (Art. 6 Abs. 1 lit a DSGVO)<\/strong><\/h4>\n<p>Wenn Sie uns eine Einwilligung zur Verarbeitung Ihrer personenbezogenen Daten erteilt haben, erfolgt eine Verarbeitung ausschlie\u00dflich gem\u00e4\u00df den in der Einwilligungserkl\u00e4rung festgelegten Zwecken und im darin vereinbarten Umfang. Eine erteilte Einwilligung kann jederzeit mit Wirkung f\u00fcr die Zukunft widerrufen werden. Die Datenverarbeitung bleibt bis zum Widerruf rechtm\u00e4\u00dfig.<\/p>\n<h4><strong>Zur Erf\u00fcllung von vertraglichen Pflichten (Art. 6 Abs. 1 lit b DSGVO)<\/strong><\/h4>\n<p>Die Verarbeitung personenbezogener Daten erfolgt zur Erf\u00fcllung der vertraglichen Pflichten aus dem jeweiligen abgeschlossenen Rechtsverh\u00e4ltnis.<\/p>\n<p>Wenn Sie in einem (vor-)vertraglichen Verh\u00e4ltnis mit Collecta e.U stehen, werden die personenbezogenen Daten der Ansprechpartner sowie die Kontaktdaten der den Vertrag abschlie\u00dfenden Personen verarbeitet.<\/p>\n<p>Darunter insbesondere: Vorname, Name, E-Mailadresse, Anschrift, Telefonnummer, Kontodaten sowie Rechnungs- und oder Lieferadresse.<\/p>\n<h4><strong>Zur Erf\u00fcllung rechtlicher Verpflichtungen (Art. 6 Abs. 1 lit c DSGVO)<\/strong><\/h4>\n<p>Eine Verarbeitung personenbezogener Daten kann zum Zweck der Erf\u00fcllung unterschiedlicher gesetzlicher Verpflichtungen (z.B. steuerrechtlich relevanter Daten) erfolgen.<\/p>\n<h4><strong>Zur Wahrung berechtigter Interessen (Art. 6 Abs. 1 lit f DSGVO)<\/strong><\/h4>\n<p>Soweit erforderlich kann im Rahmen von Interessenabw\u00e4gungen zugunsten des Unternehmens oder eines Dritten eine Datenverarbeitung \u00fcber die eigentliche Erf\u00fcllung des Vertrags hinaus zur Wahrung berechtigter Interessen von uns oder Dritten erfolgen. In den folgenden F\u00e4llen und Punkten erfolgt eine Datenverarbeitung zur Wahrung berechtigter Interessen:<\/p>\n<ul>\n<li>Ma\u00dfnahmen zum Schutz von Mitarbeitern und Kunden sowie Eigentum des Unternehmens (Video\u00fcberwachung)<\/li>\n<li>Verteidigung von Rechtsanspr\u00fcchen<\/li>\n<\/ul>\n<h3><strong>Video\u00fcberwachung\u00a0<\/strong><\/h3>\n<p>Auf dem Grundst\u00fcck der Collecta e.U findet eine Echtzeit-Video\u00fcberwachung zum Schutz des Eigentums und der Mitarbeiterinnen und Mitarbeiter statt. Dies erfolgt im \u00fcberwiegenden berechtigten Interesse des Verantwortlichen.<\/p>\n<p>Die Bilder werden an niemanden \u00fcbertragen oder gespeichert, da sie laufend \u00fcberspielt werden (Live-Feed).<\/p>\n<p>Eine eindeutige Identifizierung der aufgezeichneten Personen findet nicht statt. Aufgrund dessen ist die Erf\u00fcllung der Betroffenenrechte auf Auskunft, Berichtigung, Einschr\u00e4nkung, L\u00f6schung und Daten\u00fcbertragbarkeit nicht m\u00f6glich.<\/p>\n<p>Sofern die aufgezeichneten \u00dcberwachungsdaten im Anlassfall ausgewertet und Personen identifiziert wurden, stehen Ihnen die Rechte auf Auskunft, Berichtigung, Einschr\u00e4nkung, L\u00f6schung, Daten\u00fcbertragbarkeit, Widerruf und Widerspruch zu.<\/p>\n<p>Wenn Sie glauben, dass die Verarbeitung Ihrer Daten gegen das Datenschutzrecht verst\u00f6\u00dft oder Ihre datenschutzrechtlichen Anspr\u00fcche verletzt wurden, k\u00f6nnen Sie bei der zust\u00e4ndigen Aufsichtsbeh\u00f6rde Beschwerde einlegen. In \u00d6sterreich ist dies die Datenschutzbeh\u00f6rde (www.dsb.gv.at).<\/p>\n<h3><strong>Empf\u00e4nger<\/strong><\/h3>\n<p>Die Daten werden ausschlie\u00dflich f\u00fcr eigene Zwecke verarbeitet. Dar\u00fcber hinaus erhalten beauftragte Auftragsverarbeiter und Vertragspartner (z.B. Banken und Versicherungen) jene Daten, die sie zur Erf\u00fcllung ihrer jeweiligen Leistung ben\u00f6tigen. S\u00e4mtliche Auftragsverarbeiter sind vertraglich entsprechend dazu verpflichtet, Ihre Daten vertraulich zu behandeln und ausschlie\u00dflich im Rahmen der Leistungserbringung zu verarbeiten. Bei Vorliegen einer gesetzlichen Verpflichtung k\u00f6nnen \u00f6ffentliche Stellen und Institutionen Empf\u00e4nger Ihrer personenbezogenen Daten sein.<\/p>\n<p>Es findet keine \u00dcbermittlung in ein Drittland statt.<\/p>\n<h3><strong>Speicherdauer<\/strong><\/h3>\n<p>Wir verarbeiten Ihre personenbezogenen Daten, soweit erforderlich, f\u00fcr die Dauer der gesamten Vertragsbeziehung (von der Anbahnung, Abwicklung bis zur Beendigung des Vertrags) sowie dar\u00fcber hinaus gem\u00e4\u00df den gesetzlichen Aufbewahrungs- und Dokumentationspflichten, die sich u.a. aus dem, Allgemeinen B\u00fcrgerlichen Gesetzbuch (ABGB) und der Bundesabgabenordnung (BAO) ergeben.<\/p>\n<p>Sollte der Zweck der Datenverarbeitung erf\u00fcllt sein oder der Ablauf der gesetzlichen Aufbewahrungsfristen eintreten, werden Ihre Daten von Collecta e.U gel\u00f6scht.<\/p>\n<h3><strong>Ihre Rechte<\/strong><\/h3>\n<p>Ihnen stehen die Rechte auf Auskunft, Berichtigung, L\u00f6schung, Einschr\u00e4nkung, Daten\u00fcbertragbarkeit, Widerruf und Widerspruch zu. Wenn Sie glauben, dass die Verarbeitung Ihrer Daten gegen das Datenschutzrecht verst\u00f6\u00dft oder Ihre datenschutzrechtlichen Anspr\u00fcche sonst in einer Weise verletzt worden sind, k\u00f6nnen Sie sich bei der Aufsichtsbeh\u00f6rde beschweren. In \u00d6sterreich ist dies die Datenschutzbeh\u00f6rde (<a href=\"https:\/\/www.dsb.gv.at\/\">www.dsb.gv.at<\/a>).<\/p>\n<p>Sollten Sie weitere Fragen zur Datenverarbeitung haben, k\u00f6nnen Sie uns auch jederzeit unter\u00a0<a href=\"mailto:office@collecta.at\">office@collecta.at<\/a>\u00a0kontaktieren.[\/et_pb_text][\/et_pb_column][\/et_pb_row][\/et_pb_section]<\/p>\n","protected":false},"excerpt":{"rendered":"<p>Collecta e.U BankServiceCenter assists you in claims and services in connection with leasing and loans.<\/p>\n","protected":false},"author":1,"featured_media":14,"parent":0,"menu_order":0,"comment_status":"closed","ping_status":"open","template":"","meta":{"_et_pb_use_builder":"on","_et_pb_old_content":"(Stand: 21.03.2019)\r\n<h3><strong>Name und Kontaktdaten des Verantwortlichen:<\/strong><\/h3>\r\nCollecta e.U\r\nBahnhofstra\u00dfe 28\r\nA-4522 Sierning\r\nTel.:\u00a0<a href=\"tel:+43725953900\">07259 5390-0<\/a>, Fax:\u00a0<a href=\"fax:+437259539012\">07259 5390-12\r\n<\/a>E-Mail:\u00a0<a href=\"mailto:office@collecta.at\">office@collecta.at<\/a>\r\n<h3><strong>Datenschutzbeauftragter<\/strong>:<\/h3>\r\nEs wurde kein Datenschutzbeauftragter benannt, da dies gesetzlich nicht notwendig ist.\r\n\r\nPersonenbezogene Daten werden von Collecta e.U nur nach den Vorgaben des \u00f6sterreichischen Datenschutzgesetzes sowie der Datenschutzgrundverordnung erhoben, verarbeitet und genutzt. Die folgenden Informationen erl\u00e4utern Ihnen, welche Daten im Rahmen eines Vertrages, auf der Website und bei Eingabe der Formulare erfasst und wie diese genutzt werden.\r\n<h3><strong>Website-Nutzung:<\/strong><\/h3>\r\nDiese Seite verwendet keine dauerhaften Cookies oder Social Plug-Ins.\r\n\r\n\u00a0\r\n<h2 style=\"text-align: left;\" align=\"center\"><strong>Interessenten, Kunden und Lieferanten \u2013 (Vor)-Vertragspartner<\/strong><\/h2>\r\n\u00a0\r\n<h3><strong>Rechtsgrundlage und Zweck der Verarbeitung<\/strong><\/h3>\r\n<h4><strong>Im Rahmen Ihrer Einwilligung (Art. 6 Abs. 1 lit a DSGVO)<\/strong><\/h4>\r\nWenn Sie uns eine Einwilligung zur Verarbeitung Ihrer personenbezogenen Daten erteilt haben, erfolgt eine Verarbeitung ausschlie\u00dflich gem\u00e4\u00df den in der Einwilligungserkl\u00e4rung festgelegten Zwecken und im darin vereinbarten Umfang. Eine erteilte Einwilligung kann jederzeit mit Wirkung f\u00fcr die Zukunft widerrufen werden. Die Datenverarbeitung bleibt bis zum Widerruf rechtm\u00e4\u00dfig.\r\n<h4><strong>Zur Erf\u00fcllung von vertraglichen Pflichten (Art. 6 Abs. 1 lit b DSGVO)<\/strong><\/h4>\r\nDie Verarbeitung personenbezogener Daten erfolgt zur Erf\u00fcllung der vertraglichen Pflichten aus dem jeweiligen abgeschlossenen Rechtsverh\u00e4ltnis.\r\n\r\nWenn Sie in einem (vor-)vertraglichen Verh\u00e4ltnis mit Collecta e.U stehen, werden die personenbezogenen Daten der Ansprechpartner sowie die Kontaktdaten der den Vertrag abschlie\u00dfenden Personen verarbeitet.\r\n\r\nDarunter insbesondere: Vorname, Name, E-Mailadresse, Anschrift, Telefonnummer, Kontodaten sowie Rechnungs- und oder Lieferadresse.\r\n<h4><strong>Zur Erf\u00fcllung rechtlicher Verpflichtungen (Art. 6 Abs. 1 lit c DSGVO)<\/strong><\/h4>\r\nEine Verarbeitung personenbezogener Daten kann zum Zweck der Erf\u00fcllung unterschiedlicher gesetzlicher Verpflichtungen (z.B. steuerrechtlich relevanter Daten) erfolgen.\r\n<h4><strong>Zur Wahrung berechtigter Interessen (Art. 6 Abs. 1 lit f DSGVO)<\/strong><\/h4>\r\nSoweit erforderlich kann im Rahmen von Interessenabw\u00e4gungen zugunsten des Unternehmens oder eines Dritten eine Datenverarbeitung \u00fcber die eigentliche Erf\u00fcllung des Vertrags hinaus zur Wahrung berechtigter Interessen von uns oder Dritten erfolgen. In den folgenden F\u00e4llen und Punkten erfolgt eine Datenverarbeitung zur Wahrung berechtigter Interessen:\r\n<ul>\r\n \t<li>Ma\u00dfnahmen zum Schutz von Mitarbeitern und Kunden sowie Eigentum des Unternehmens (Video\u00fcberwachung)<\/li>\r\n \t<li>Verteidigung von Rechtsanspr\u00fcchen<\/li>\r\n<\/ul>\r\n<h3><strong>Video\u00fcberwachung\u00a0<\/strong><\/h3>\r\nAuf dem Grundst\u00fcck der Collecta e.U findet eine Echtzeit-Video\u00fcberwachung zum Schutz des Eigentums und der Mitarbeiterinnen und Mitarbeiter statt. Dies erfolgt im \u00fcberwiegenden berechtigten Interesse des Verantwortlichen.\r\n\r\nDie Bilder werden an niemanden \u00fcbertragen oder gespeichert, da sie laufend \u00fcberspielt werden (Live-Feed).\r\n\r\nEine eindeutige Identifizierung der aufgezeichneten Personen findet nicht statt. Aufgrund dessen ist die Erf\u00fcllung der Betroffenenrechte auf Auskunft, Berichtigung, Einschr\u00e4nkung, L\u00f6schung und Daten\u00fcbertragbarkeit nicht m\u00f6glich.\r\n\r\nSofern die aufgezeichneten \u00dcberwachungsdaten im Anlassfall ausgewertet und Personen identifiziert wurden, stehen Ihnen die Rechte auf Auskunft, Berichtigung, Einschr\u00e4nkung, L\u00f6schung, Daten\u00fcbertragbarkeit, Widerruf und Widerspruch zu.\r\n\r\nWenn Sie glauben, dass die Verarbeitung Ihrer Daten gegen das Datenschutzrecht verst\u00f6\u00dft oder Ihre datenschutzrechtlichen Anspr\u00fcche verletzt wurden, k\u00f6nnen Sie bei der zust\u00e4ndigen Aufsichtsbeh\u00f6rde Beschwerde einlegen. In \u00d6sterreich ist dies die Datenschutzbeh\u00f6rde (www.dsb.gv.at).\r\n<h3><strong>Empf\u00e4nger<\/strong><\/h3>\r\nDie Daten werden ausschlie\u00dflich f\u00fcr eigene Zwecke verarbeitet. Dar\u00fcber hinaus erhalten beauftragte Auftragsverarbeiter und Vertragspartner (z.B. Banken und Versicherungen) jene Daten, die sie zur Erf\u00fcllung ihrer jeweiligen Leistung ben\u00f6tigen. S\u00e4mtliche Auftragsverarbeiter sind vertraglich entsprechend dazu verpflichtet, Ihre Daten vertraulich zu behandeln und ausschlie\u00dflich im Rahmen der Leistungserbringung zu verarbeiten. Bei Vorliegen einer gesetzlichen Verpflichtung k\u00f6nnen \u00f6ffentliche Stellen und Institutionen Empf\u00e4nger Ihrer personenbezogenen Daten sein.\r\n\r\nEs findet keine \u00dcbermittlung in ein Drittland statt.\r\n<h3><strong>Speicherdauer<\/strong><\/h3>\r\nWir verarbeiten Ihre personenbezogenen Daten, soweit erforderlich, f\u00fcr die Dauer der gesamten Vertragsbeziehung (von der Anbahnung, Abwicklung bis zur Beendigung des Vertrags) sowie dar\u00fcber hinaus gem\u00e4\u00df den gesetzlichen Aufbewahrungs- und Dokumentationspflichten, die sich u.a. aus dem, Allgemeinen B\u00fcrgerlichen Gesetzbuch (ABGB) und der Bundesabgabenordnung (BAO) ergeben.\r\n\r\nSollte der Zweck der Datenverarbeitung erf\u00fcllt sein oder der Ablauf der gesetzlichen Aufbewahrungsfristen eintreten, werden Ihre Daten von Collecta e.U gel\u00f6scht.\r\n<h3><strong>Ihre Rechte<\/strong><\/h3>\r\nIhnen stehen die Rechte auf Auskunft, Berichtigung, L\u00f6schung, Einschr\u00e4nkung, Daten\u00fcbertragbarkeit, Widerruf und Widerspruch zu. Wenn Sie glauben, dass die Verarbeitung Ihrer Daten gegen das Datenschutzrecht verst\u00f6\u00dft oder Ihre datenschutzrechtlichen Anspr\u00fcche sonst in einer Weise verletzt worden sind, k\u00f6nnen Sie sich bei der Aufsichtsbeh\u00f6rde beschweren. In \u00d6sterreich ist dies die Datenschutzbeh\u00f6rde (<a href=\"https:\/\/www.dsb.gv.at\/\">www.dsb.gv.at<\/a>).\r\n\r\nSollten Sie weitere Fragen zur Datenverarbeitung haben, k\u00f6nnen Sie uns auch jederzeit unter\u00a0<a href=\"mailto:office@collecta.at\">office@collecta.at<\/a>\u00a0kontaktieren.","_et_gb_content_width":"","footnotes":""},"class_list":["post-426","page","type-page","status-publish","has-post-thumbnail","hentry"],"yoast_head":"<!-- This site is optimized with the Yoast SEO plugin v27.4 - https:\/\/yoast.com\/product\/yoast-seo-wordpress\/ -->\n<title>Privacy policy for the use of the website and information in accordance with Art. 13 GDPR - Collecta e.U.<\/title>\n<meta name=\"description\" content=\"Collecta e.U BankServiceCenter assists you in claims and services in connection with leasing and loans.\" \/>\n<meta name=\"robots\" content=\"noindex, nofollow\" \/>\n<meta property=\"og:locale\" content=\"en_US\" \/>\n<meta property=\"og:type\" content=\"article\" \/>\n<meta property=\"og:title\" content=\"Collecta e.U - Privacy Policy\" \/>\n<meta property=\"og:description\" content=\"Collecta e.U BankServiceCenter assists you in claims and services in connection with leasing and loans.\" \/>\n<meta property=\"og:url\" content=\"https:\/\/www.collecta.at\/datenschutzerklaerung\/\" \/>\n<meta property=\"og:site_name\" content=\"Collecta e.U.\" \/>\n<meta property=\"article:modified_time\" content=\"2024-06-16T18:10:22+00:00\" \/>\n<meta property=\"og:image\" content=\"https:\/\/www.collecta.at\/wp-content\/uploads\/2024\/05\/collecta_websitebild.png\" \/>\n\t<meta property=\"og:image:width\" content=\"1200\" \/>\n\t<meta property=\"og:image:height\" content=\"675\" \/>\n\t<meta property=\"og:image:type\" content=\"image\/png\" \/>\n<meta name=\"twitter:card\" content=\"summary_large_image\" \/>\n<meta name=\"twitter:title\" content=\"Collecta e.U - Privacy policy\" \/>\n<meta name=\"twitter:description\" content=\"Collecta e.U BankServiceCenter assists you in claims and services in connection with leasing and loans.\" \/>\n<meta name=\"twitter:image\" content=\"https:\/\/www.collecta.at\/wp-content\/uploads\/2024\/05\/collecta_websitebild.png\" \/>\n<meta name=\"twitter:label1\" content=\"Est. reading time\" \/>\n\t<meta name=\"twitter:data1\" content=\"4 minutes\" \/>\n<script type=\"application\/ld+json\" class=\"yoast-schema-graph\">{\"@context\":\"https:\\\/\\\/schema.org\",\"@graph\":[{\"@type\":\"WebPage\",\"@id\":\"https:\\\/\\\/www.collecta.at\\\/datenschutzerklaerung\\\/\",\"url\":\"https:\\\/\\\/www.collecta.at\\\/datenschutzerklaerung\\\/\",\"name\":\"Privacy policy for the use of the website and information in accordance with Art. 13 GDPR - Collecta e.U.\",\"isPartOf\":{\"@id\":\"https:\\\/\\\/www.collecta.at\\\/#website\"},\"primaryImageOfPage\":{\"@id\":\"https:\\\/\\\/www.collecta.at\\\/datenschutzerklaerung\\\/#primaryimage\"},\"image\":{\"@id\":\"https:\\\/\\\/www.collecta.at\\\/datenschutzerklaerung\\\/#primaryimage\"},\"thumbnailUrl\":\"https:\\\/\\\/www.collecta.at\\\/wp-content\\\/uploads\\\/2024\\\/05\\\/collecta_websitebild.png\",\"datePublished\":\"2024-05-05T08:21:19+00:00\",\"dateModified\":\"2024-06-16T18:10:22+00:00\",\"description\":\"Collecta e.U BankServiceCenter assists you in claims and services in connection with leasing and loans.\",\"breadcrumb\":{\"@id\":\"https:\\\/\\\/www.collecta.at\\\/datenschutzerklaerung\\\/#breadcrumb\"},\"inLanguage\":\"en-US\",\"potentialAction\":[{\"@type\":\"ReadAction\",\"target\":[\"https:\\\/\\\/www.collecta.at\\\/datenschutzerklaerung\\\/\"]}]},{\"@type\":\"ImageObject\",\"inLanguage\":\"en-US\",\"@id\":\"https:\\\/\\\/www.collecta.at\\\/datenschutzerklaerung\\\/#primaryimage\",\"url\":\"https:\\\/\\\/www.collecta.at\\\/wp-content\\\/uploads\\\/2024\\\/05\\\/collecta_websitebild.png\",\"contentUrl\":\"https:\\\/\\\/www.collecta.at\\\/wp-content\\\/uploads\\\/2024\\\/05\\\/collecta_websitebild.png\",\"width\":1200,\"height\":675,\"caption\":\"collecta websitebild\"},{\"@type\":\"BreadcrumbList\",\"@id\":\"https:\\\/\\\/www.collecta.at\\\/datenschutzerklaerung\\\/#breadcrumb\",\"itemListElement\":[{\"@type\":\"ListItem\",\"position\":1,\"name\":\"Startseite\",\"item\":\"https:\\\/\\\/www.collecta.at\\\/\"},{\"@type\":\"ListItem\",\"position\":2,\"name\":\"Privacy policy for the use of the website and information in accordance with Art. 13 GDPR\"}]},{\"@type\":\"WebSite\",\"@id\":\"https:\\\/\\\/www.collecta.at\\\/#website\",\"url\":\"https:\\\/\\\/www.collecta.at\\\/\",\"name\":\"Collecta e.U.\",\"description\":\"BankServiceCenter\",\"potentialAction\":[{\"@type\":\"SearchAction\",\"target\":{\"@type\":\"EntryPoint\",\"urlTemplate\":\"https:\\\/\\\/www.collecta.at\\\/?s={search_term_string}\"},\"query-input\":{\"@type\":\"PropertyValueSpecification\",\"valueRequired\":true,\"valueName\":\"search_term_string\"}}],\"inLanguage\":\"en-US\"}]}<\/script>\n<!-- \/ Yoast SEO plugin. -->","yoast_head_json":{"title":"Privacy policy for the use of the website and information in accordance with Art. 13 GDPR - Collecta e.U.","description":"Collecta e.U BankServiceCenter assists you in claims and services in connection with leasing and loans.","robots":{"index":"noindex","follow":"nofollow"},"og_locale":"en_US","og_type":"article","og_title":"Collecta e.U - Privacy Policy","og_description":"Collecta e.U BankServiceCenter assists you in claims and services in connection with leasing and loans.","og_url":"https:\/\/www.collecta.at\/datenschutzerklaerung\/","og_site_name":"Collecta e.U.","article_modified_time":"2024-06-16T18:10:22+00:00","og_image":[{"width":1200,"height":675,"url":"https:\/\/www.collecta.at\/wp-content\/uploads\/2024\/05\/collecta_websitebild.png","type":"image\/png"}],"twitter_card":"summary_large_image","twitter_title":"Collecta e.U - Privacy policy","twitter_description":"Collecta e.U BankServiceCenter assists you in claims and services in connection with leasing and loans.","twitter_image":"https:\/\/www.collecta.at\/wp-content\/uploads\/2024\/05\/collecta_websitebild.png","twitter_misc":{"Est. reading time":"4 minutes"},"schema":{"@context":"https:\/\/schema.org","@graph":[{"@type":"WebPage","@id":"https:\/\/www.collecta.at\/datenschutzerklaerung\/","url":"https:\/\/www.collecta.at\/datenschutzerklaerung\/","name":"Privacy policy for the use of the website and information in accordance with Art. 13 GDPR - Collecta e.U.","isPartOf":{"@id":"https:\/\/www.collecta.at\/#website"},"primaryImageOfPage":{"@id":"https:\/\/www.collecta.at\/datenschutzerklaerung\/#primaryimage"},"image":{"@id":"https:\/\/www.collecta.at\/datenschutzerklaerung\/#primaryimage"},"thumbnailUrl":"https:\/\/www.collecta.at\/wp-content\/uploads\/2024\/05\/collecta_websitebild.png","datePublished":"2024-05-05T08:21:19+00:00","dateModified":"2024-06-16T18:10:22+00:00","description":"Collecta e.U BankServiceCenter assists you in claims and services in connection with leasing and loans.","breadcrumb":{"@id":"https:\/\/www.collecta.at\/datenschutzerklaerung\/#breadcrumb"},"inLanguage":"en-US","potentialAction":[{"@type":"ReadAction","target":["https:\/\/www.collecta.at\/datenschutzerklaerung\/"]}]},{"@type":"ImageObject","inLanguage":"en-US","@id":"https:\/\/www.collecta.at\/datenschutzerklaerung\/#primaryimage","url":"https:\/\/www.collecta.at\/wp-content\/uploads\/2024\/05\/collecta_websitebild.png","contentUrl":"https:\/\/www.collecta.at\/wp-content\/uploads\/2024\/05\/collecta_websitebild.png","width":1200,"height":675,"caption":"collecta websitebild"},{"@type":"BreadcrumbList","@id":"https:\/\/www.collecta.at\/datenschutzerklaerung\/#breadcrumb","itemListElement":[{"@type":"ListItem","position":1,"name":"Startseite","item":"https:\/\/www.collecta.at\/"},{"@type":"ListItem","position":2,"name":"Privacy policy for the use of the website and information in accordance with Art. 13 GDPR"}]},{"@type":"WebSite","@id":"https:\/\/www.collecta.at\/#website","url":"https:\/\/www.collecta.at\/","name":"Collecta e.U.","description":"BankServiceCenter","potentialAction":[{"@type":"SearchAction","target":{"@type":"EntryPoint","urlTemplate":"https:\/\/www.collecta.at\/?s={search_term_string}"},"query-input":{"@type":"PropertyValueSpecification","valueRequired":true,"valueName":"search_term_string"}}],"inLanguage":"en-US"}]}},"_links":{"self":[{"href":"https:\/\/www.collecta.at\/en\/wp-json\/wp\/v2\/pages\/426","targetHints":{"allow":["GET"]}}],"collection":[{"href":"https:\/\/www.collecta.at\/en\/wp-json\/wp\/v2\/pages"}],"about":[{"href":"https:\/\/www.collecta.at\/en\/wp-json\/wp\/v2\/types\/page"}],"author":[{"embeddable":true,"href":"https:\/\/www.collecta.at\/en\/wp-json\/wp\/v2\/users\/1"}],"replies":[{"embeddable":true,"href":"https:\/\/www.collecta.at\/en\/wp-json\/wp\/v2\/comments?post=426"}],"version-history":[{"count":3,"href":"https:\/\/www.collecta.at\/en\/wp-json\/wp\/v2\/pages\/426\/revisions"}],"predecessor-version":[{"id":497,"href":"https:\/\/www.collecta.at\/en\/wp-json\/wp\/v2\/pages\/426\/revisions\/497"}],"wp:featuredmedia":[{"embeddable":true,"href":"https:\/\/www.collecta.at\/en\/wp-json\/wp\/v2\/media\/14"}],"wp:attachment":[{"href":"https:\/\/www.collecta.at\/en\/wp-json\/wp\/v2\/media?parent=426"}],"curies":[{"name":"wp","href":"https:\/\/api.w.org\/{rel}","templated":true}]}}