{"id":427,"date":"2024-06-01T17:37:47","date_gmt":"2024-06-01T15:37:47","guid":{"rendered":"https:\/\/www.collecta.at\/dsgvo14\/"},"modified":"2024-06-16T11:13:19","modified_gmt":"2024-06-16T09:13:19","slug":"gdpr14","status":"publish","type":"page","link":"https:\/\/www.collecta.at\/en\/gdpr14\/","title":{"rendered":"Information pursuant to Art. 14 GDPR for data subjects"},"content":{"rendered":"<p>[et_pb_section fb_built=&#8221;1&#8243; _builder_version=&#8221;4.16&#8243; global_colors_info=&#8221;{}&#8221;][et_pb_row _builder_version=&#8221;4.16&#8243; background_size=&#8221;initial&#8221; background_position=&#8221;top_left&#8221; background_repeat=&#8221;repeat&#8221; global_colors_info=&#8221;{}&#8221;][et_pb_column type=&#8221;4_4&#8243; _builder_version=&#8221;4.16&#8243; custom_padding=&#8221;|||&#8221; global_colors_info=&#8221;{}&#8221; custom_padding__hover=&#8221;|||&#8221;][et_pb_text _builder_version=&#8221;4.25.1&#8243; _module_preset=&#8221;default&#8221; header_font=&#8221;Noto Sans|800|||||||&#8221; header_font_size=&#8221;36px&#8221; header_letter_spacing=&#8221;-1px&#8221; header_line_height=&#8221;1.8em&#8221; animation_style=&#8221;slide&#8221; animation_direction=&#8221;right&#8221; global_colors_info=&#8221;{}&#8221;]<\/p>\n<h1>Information gem. Art. 14 DSGVO f\u00fcr betroffene Personen<\/h1>\n<p>[\/et_pb_text][et_pb_text _builder_version=&#8221;4.25.1&#8243; background_size=&#8221;initial&#8221; background_position=&#8221;top_left&#8221; background_repeat=&#8221;repeat&#8221; animation_style=&#8221;slide&#8221; animation_direction=&#8221;bottom&#8221; global_colors_info=&#8221;{}&#8221;](Stand: 21.03.2019)<\/p>\n<h3><strong>Name und Kontaktdaten des Verantwortlichen:<\/strong><\/h3>\n<p>Collecta e.U<br \/>\nBahnhofstra\u00dfe 28<br \/>\nA-4522 Sierning<br \/>\nTel.:\u00a0<a href=\"tel:+43725953900\">07259 5390-0<\/a>, Fax:\u00a0<a href=\"fax:+437259539012\">07259 5390-12<br \/>\n<\/a>E-Mail:\u00a0<a href=\"mailto:office@collecta.at\">office@collecta.at<\/a><\/p>\n<h3><strong>Datenschutzbeauftragter<\/strong>:<\/h3>\n<p>Es wurde kein Datenschutzbeauftragter benannt, da dies gesetzlich nicht notwendig ist.<\/p>\n<p>Personenbezogene Daten werden von Collecta e.U nur nach den Vorgaben des \u00f6sterreichischen Datenschutzgesetzes sowie der Datenschutzgrundverordnung erhoben, verarbeitet und genutzt. Die folgenden Informationen erl\u00e4utern Ihnen, welche Daten wir im Rahmen eines Inkassoauftrages von unseren Vertragspartnern erhalten.<\/p>\n<h3><strong>Rechtsgrundlage und Zwecke der Verarbeitung<\/strong><\/h3>\n<h4><strong>Im Rahmen Ihrer Einwilligung (Art. 6 Abs. 1 lit a DSGVO)<\/strong><\/h4>\n<p>Sie haben mit Ihrem Finanzdienstleister einen Finanzierungsvertrag abgeschlossen, in dem Sie die Einwilligung zur \u00dcbermittlung der Daten an Inkassob\u00fcros erteilt haben. Demnach erhalten wir Ihre personenbezogenen Daten von einem Finanzdienstleister zur Eintreibung einer offenen Forderung oder Kreditsumme bzw. dem Finanzierungsobjekt. Eine erteilte Einwilligung kann jederzeit mit Wirkung f\u00fcr die Zukunft bei Ihrem Finanzdienstleister widerrufen werden. Die Datenverarbeitung bleibt bis zum Widerruf rechtm\u00e4\u00dfig.<\/p>\n<h4><strong>Zur Erf\u00fcllung von vertraglichen Pflichten (Art. 6 Abs. 1 lit b DSGVO)<\/strong><\/h4>\n<p>Als Inkassob\u00fcro verarbeiten wir die Daten auf Grundlage des Vertrages mit dem jeweiligen Finanzdienstleister zur Erf\u00fcllung unserer Leistung. Es entsteht kein Vertragsverh\u00e4ltnis zwischen Ihnen und Collecta e.U.<\/p>\n<h4><strong>Zur Erf\u00fcllung rechtlicher Verpflichtungen (Art. 6 Abs. 1 lit c DSGVO)<\/strong><\/h4>\n<p>Eine Verarbeitung personenbezogener Daten kann zum Zweck der Erf\u00fcllung unterschiedlicher gesetzlicher Verpflichtungen (z.B. steuerrechtlich relevanter Daten) erfolgen, die f\u00fcr den jeweiligen Gesch\u00e4ftsfall anf\u00e4llt.<\/p>\n<h4><strong>Zur Wahrung berechtigter Interessen (Art. 6 Abs. 1 lit f DSGVO)<\/strong><\/h4>\n<p>Die Inanspruchnahme eines Inkassob\u00fcros steht im \u00fcberwiegenden berechtigten Interesse eines Finanzierungsdienstleisters. Soweit erforderlich kann daher bei der Interessenabw\u00e4gung zugunsten des Finanzierungsdienstleisters oder eines Dritten eine Datenverarbeitung \u00fcber die eigentliche Erf\u00fcllung des Vertrags hinaus von uns oder Dritten erfolgen. In den folgenden F\u00e4llen und Punkten erfolgt eine Datenverarbeitung zur Wahrung berechtigter Interessen:<\/p>\n<ul>\n<li>Kontaktieren und Aufsuchen der betroffenen Person zur Eintreibung der ausstehenden Forderung bzw. Einzug des Finanzierungsobjekts<\/li>\n<li>Ma\u00dfnahmen zum Schutz von Mitarbeitern und Kunden sowie Eigentum des Unternehmens (Video\u00fcberwachung)<\/li>\n<li>Verteidigung von Rechtsanspr\u00fcchen<\/li>\n<\/ul>\n<h3><strong>Kategorien personenbezogener Daten<\/strong><\/h3>\n<p>Bei einem Inkasso werden in der Regel folgende Kategorien personenbezogener Daten verarbeitet:<\/p>\n<p><strong>Zahlungsdaten<\/strong>: Saldo, Ratenbetr\u00e4ge und Zahlungsvorg\u00e4nge, F\u00e4lligkeitsdatum, Forderungsh\u00f6he, Verzugszinsen, Mahnspesen.<\/p>\n<p><strong>Schuldnerdaten<\/strong>: Name, Adresse, Geburtsdatum, Kontaktdaten, Kontonummern, Mitschuldnerdaten, Angaben zum Finanzierungsobjekt, Arbeitgeber (wenn bekannt), Lieferant des Finanzierungsobjekts (wenn bekannt).<\/p>\n<p>Der Umfang richtet sich nach dem Gesch\u00e4ftsfall und den zur Verf\u00fcgung gestellten personenbezogenen Daten.<\/p>\n<h3><strong>Empf\u00e4nger<\/strong><\/h3>\n<p>Die Daten werden ausschlie\u00dflich f\u00fcr eigene Zwecke verarbeitet. Dar\u00fcber hinaus erhalten beauftragte Auftragsverarbeiter und Vertragspartner (z.B. Banken und Versicherungen, aber auch Abschleppunternehmen oder Speditionen) jene Daten, die sie zur Erf\u00fcllung ihrer jeweiligen Leistung ben\u00f6tigen. S\u00e4mtliche Auftragsverarbeiter sind vertraglich entsprechend dazu verpflichtet, Ihre Daten vertraulich zu behandeln und ausschlie\u00dflich im Rahmen der Leistungserbringung zu verarbeiten. Bei Vorliegen einer gesetzlichen Verpflichtung k\u00f6nnen \u00f6ffentliche Stellen und Institutionen Empf\u00e4nger Ihrer personenbezogenen Daten sein.<\/p>\n<p>Es findet keine \u00dcbermittlung in ein Drittland statt.<\/p>\n<h3><strong>Speicherdauer<\/strong><\/h3>\n<p>Wir verarbeiten Ihre personenbezogenen Daten, soweit erforderlich, f\u00fcr die Dauer der gesamten Vertragsbeziehung (von der Anbahnung, Abwicklung bis zur Beendigung des Vertrags) sowie dar\u00fcber hinaus gem\u00e4\u00df den gesetzlichen Aufbewahrungs- und Dokumentationspflichten, die sich u.a. aus dem, Allgemeinen B\u00fcrgerlichen Gesetzbuch (ABGB) und der Bundesabgabenordnung (BAO) ergeben.<\/p>\n<p>Sollte der Zweck der Datenverarbeitung erf\u00fcllt sein oder der Ablauf der gesetzlichen Aufbewahrungsfristen eintreten, werden Ihre Daten von Collecta e.U gel\u00f6scht.<\/p>\n<h3><strong>Ihre Rechte<\/strong><\/h3>\n<p>Ihnen stehen die Rechte auf Auskunft, Berichtigung, L\u00f6schung, Einschr\u00e4nkung, Daten\u00fcbertragbarkeit, Widerruf und Widerspruch zu. Wenn Sie glauben, dass die Verarbeitung Ihrer Daten gegen das Datenschutzrecht verst\u00f6\u00dft oder Ihre datenschutzrechtlichen Anspr\u00fcche sonst in einer Weise verletzt worden sind, k\u00f6nnen Sie sich bei der Aufsichtsbeh\u00f6rde beschweren. In \u00d6sterreich ist dies die Datenschutzbeh\u00f6rde (<a href=\"https:\/\/www.dsb.gv.at\/\">www.dsb.gv.at<\/a>).<\/p>\n<p>Sollten Sie weitere Fragen zur Datenverarbeitung haben, k\u00f6nnen Sie uns auch jederzeit unter\u00a0<a href=\"mailto:office@collecta.at\">office@collecta.at<\/a>\u00a0kontaktieren.[\/et_pb_text][\/et_pb_column][\/et_pb_row][\/et_pb_section]<\/p>\n","protected":false},"excerpt":{"rendered":"<p>Collecta e.U BankServiceCenter assists you in claims and services in connection with leasing and loans.<\/p>\n","protected":false},"author":1,"featured_media":21,"parent":0,"menu_order":0,"comment_status":"closed","ping_status":"closed","template":"","meta":{"_et_pb_use_builder":"on","_et_pb_old_content":"(Stand: 21.03.2019)\r\n<h3><strong>Name und Kontaktdaten des Verantwortlichen:<\/strong><\/h3>\r\nCollecta e.U\r\nBahnhofstra\u00dfe 28\r\nA-4522 Sierning\r\nTel.:\u00a0<a href=\"tel:+43725953900\">07259 5390-0<\/a>, Fax:\u00a0<a href=\"fax:+437259539012\">07259 5390-12\r\n<\/a>E-Mail:\u00a0<a href=\"mailto:office@collecta.at\">office@collecta.at<\/a>\r\n<h3><strong>Datenschutzbeauftragter<\/strong>:<\/h3>\r\nEs wurde kein Datenschutzbeauftragter benannt, da dies gesetzlich nicht notwendig ist.\r\n\r\nPersonenbezogene Daten werden von Collecta e.U nur nach den Vorgaben des \u00f6sterreichischen Datenschutzgesetzes sowie der Datenschutzgrundverordnung erhoben, verarbeitet und genutzt. Die folgenden Informationen erl\u00e4utern Ihnen, welche Daten wir im Rahmen eines Inkassoauftrages von unseren Vertragspartnern erhalten.\r\n<h3><strong>Rechtsgrundlage und Zwecke der Verarbeitung<\/strong><\/h3>\r\n<h4><strong>Im Rahmen Ihrer Einwilligung (Art. 6 Abs. 1 lit a DSGVO)<\/strong><\/h4>\r\nSie haben mit Ihrem Finanzdienstleister einen Finanzierungsvertrag abgeschlossen, in dem Sie die Einwilligung zur \u00dcbermittlung der Daten an Inkassob\u00fcros erteilt haben. Demnach erhalten wir Ihre personenbezogenen Daten von einem Finanzdienstleister zur Eintreibung einer offenen Forderung oder Kreditsumme bzw. dem Finanzierungsobjekt. Eine erteilte Einwilligung kann jederzeit mit Wirkung f\u00fcr die Zukunft bei Ihrem Finanzdienstleister widerrufen werden. Die Datenverarbeitung bleibt bis zum Widerruf rechtm\u00e4\u00dfig.\r\n<h4><strong>Zur Erf\u00fcllung von vertraglichen Pflichten (Art. 6 Abs. 1 lit b DSGVO)<\/strong><\/h4>\r\nAls Inkassob\u00fcro verarbeiten wir die Daten auf Grundlage des Vertrages mit dem jeweiligen Finanzdienstleister zur Erf\u00fcllung unserer Leistung. Es entsteht kein Vertragsverh\u00e4ltnis zwischen Ihnen und Collecta e.U.\r\n<h4><strong>Zur Erf\u00fcllung rechtlicher Verpflichtungen (Art. 6 Abs. 1 lit c DSGVO)<\/strong><\/h4>\r\nEine Verarbeitung personenbezogener Daten kann zum Zweck der Erf\u00fcllung unterschiedlicher gesetzlicher Verpflichtungen (z.B. steuerrechtlich relevanter Daten) erfolgen, die f\u00fcr den jeweiligen Gesch\u00e4ftsfall anf\u00e4llt.\r\n<h4><strong>Zur Wahrung berechtigter Interessen (Art. 6 Abs. 1 lit f DSGVO)<\/strong><\/h4>\r\nDie Inanspruchnahme eines Inkassob\u00fcros steht im \u00fcberwiegenden berechtigten Interesse eines Finanzierungsdienstleisters. Soweit erforderlich kann daher bei der Interessenabw\u00e4gung zugunsten des Finanzierungsdienstleisters oder eines Dritten eine Datenverarbeitung \u00fcber die eigentliche Erf\u00fcllung des Vertrags hinaus von uns oder Dritten erfolgen. In den folgenden F\u00e4llen und Punkten erfolgt eine Datenverarbeitung zur Wahrung berechtigter Interessen:\r\n<ul>\r\n \t<li>Kontaktieren und Aufsuchen der betroffenen Person zur Eintreibung der ausstehenden Forderung bzw. Einzug des Finanzierungsobjekts<\/li>\r\n \t<li>Ma\u00dfnahmen zum Schutz von Mitarbeitern und Kunden sowie Eigentum des Unternehmens (Video\u00fcberwachung)<\/li>\r\n \t<li>Verteidigung von Rechtsanspr\u00fcchen<\/li>\r\n<\/ul>\r\n<h3><strong>Kategorien personenbezogener Daten<\/strong><\/h3>\r\nBei einem Inkasso werden in der Regel folgende Kategorien personenbezogener Daten verarbeitet:\r\n\r\n<strong>Zahlungsdaten<\/strong>: Saldo, Ratenbetr\u00e4ge und Zahlungsvorg\u00e4nge, F\u00e4lligkeitsdatum, Forderungsh\u00f6he, Verzugszinsen, Mahnspesen.\r\n\r\n<strong>Schuldnerdaten<\/strong>: Name, Adresse, Geburtsdatum, Kontaktdaten, Kontonummern, Mitschuldnerdaten, Angaben zum Finanzierungsobjekt, Arbeitgeber (wenn bekannt), Lieferant des Finanzierungsobjekts (wenn bekannt).\r\n\r\nDer Umfang richtet sich nach dem Gesch\u00e4ftsfall und den zur Verf\u00fcgung gestellten personenbezogenen Daten.\r\n<h3><strong>Empf\u00e4nger<\/strong><\/h3>\r\nDie Daten werden ausschlie\u00dflich f\u00fcr eigene Zwecke verarbeitet. Dar\u00fcber hinaus erhalten beauftragte Auftragsverarbeiter und Vertragspartner (z.B. Banken und Versicherungen, aber auch Abschleppunternehmen oder Speditionen) jene Daten, die sie zur Erf\u00fcllung ihrer jeweiligen Leistung ben\u00f6tigen. S\u00e4mtliche Auftragsverarbeiter sind vertraglich entsprechend dazu verpflichtet, Ihre Daten vertraulich zu behandeln und ausschlie\u00dflich im Rahmen der Leistungserbringung zu verarbeiten. Bei Vorliegen einer gesetzlichen Verpflichtung k\u00f6nnen \u00f6ffentliche Stellen und Institutionen Empf\u00e4nger Ihrer personenbezogenen Daten sein.\r\n\r\nEs findet keine \u00dcbermittlung in ein Drittland statt.\r\n<h3><strong>Speicherdauer<\/strong><\/h3>\r\nWir verarbeiten Ihre personenbezogenen Daten, soweit erforderlich, f\u00fcr die Dauer der gesamten Vertragsbeziehung (von der Anbahnung, Abwicklung bis zur Beendigung des Vertrags) sowie dar\u00fcber hinaus gem\u00e4\u00df den gesetzlichen Aufbewahrungs- und Dokumentationspflichten, die sich u.a. aus dem, Allgemeinen B\u00fcrgerlichen Gesetzbuch (ABGB) und der Bundesabgabenordnung (BAO) ergeben.\r\n\r\nSollte der Zweck der Datenverarbeitung erf\u00fcllt sein oder der Ablauf der gesetzlichen Aufbewahrungsfristen eintreten, werden Ihre Daten von Collecta e.U gel\u00f6scht.\r\n<h3><strong>Ihre Rechte<\/strong><\/h3>\r\nIhnen stehen die Rechte auf Auskunft, Berichtigung, L\u00f6schung, Einschr\u00e4nkung, Daten\u00fcbertragbarkeit, Widerruf und Widerspruch zu. Wenn Sie glauben, dass die Verarbeitung Ihrer Daten gegen das Datenschutzrecht verst\u00f6\u00dft oder Ihre datenschutzrechtlichen Anspr\u00fcche sonst in einer Weise verletzt worden sind, k\u00f6nnen Sie sich bei der Aufsichtsbeh\u00f6rde beschweren. In \u00d6sterreich ist dies die Datenschutzbeh\u00f6rde (<a href=\"https:\/\/www.dsb.gv.at\/\">www.dsb.gv.at<\/a>).\r\n\r\nSollten Sie weitere Fragen zur Datenverarbeitung haben, k\u00f6nnen Sie uns auch jederzeit unter\u00a0<a href=\"mailto:office@collecta.at\">office@collecta.at<\/a>\u00a0kontaktieren.","_et_gb_content_width":"","footnotes":""},"class_list":["post-427","page","type-page","status-publish","has-post-thumbnail","hentry"],"yoast_head":"<!-- This site is optimized with the Yoast SEO plugin v27.4 - https:\/\/yoast.com\/product\/yoast-seo-wordpress\/ -->\n<title>Information pursuant to Art. 14 GDPR for data subjects - Collecta e.U.<\/title>\n<meta name=\"description\" content=\"Collecta e.U BankServiceCenter assists you in claims and services in connection with leasing and loans.\" \/>\n<meta name=\"robots\" content=\"noindex, nofollow\" \/>\n<meta property=\"og:locale\" content=\"en_US\" \/>\n<meta property=\"og:type\" content=\"article\" \/>\n<meta property=\"og:title\" content=\"Information pursuant to Art. 14 GDPR for data subjects\" \/>\n<meta property=\"og:description\" content=\"Collecta e.U BankServiceCenter assists you in claims and services in connection with leasing and loans.\" \/>\n<meta property=\"og:url\" content=\"https:\/\/www.collecta.at\/dsgvo14\/\" \/>\n<meta property=\"og:site_name\" content=\"Collecta e.U.\" \/>\n<meta property=\"article:modified_time\" content=\"2024-06-16T09:13:19+00:00\" \/>\n<meta property=\"og:image\" content=\"https:\/\/www.collecta.at\/wp-content\/uploads\/2024\/06\/datenschutz_collectaeu.jpg\" \/>\n\t<meta property=\"og:image:width\" content=\"2000\" \/>\n\t<meta property=\"og:image:height\" content=\"1334\" \/>\n\t<meta property=\"og:image:type\" content=\"image\/jpeg\" \/>\n<meta name=\"twitter:card\" content=\"summary_large_image\" \/>\n<meta name=\"twitter:title\" content=\"Information pursuant to Art. 14 GDPR for data subjects\" \/>\n<meta name=\"twitter:description\" content=\"Collecta e.U BankServiceCenter assists you in claims and services in connection with leasing and loans.\" \/>\n<meta name=\"twitter:image\" content=\"https:\/\/www.collecta.at\/wp-content\/uploads\/2024\/06\/datenschutz_collectaeu.jpg\" \/>\n<meta name=\"twitter:label1\" content=\"Est. reading time\" \/>\n\t<meta name=\"twitter:data1\" content=\"4 minutes\" \/>\n<script type=\"application\/ld+json\" class=\"yoast-schema-graph\">{\"@context\":\"https:\\\/\\\/schema.org\",\"@graph\":[{\"@type\":\"WebPage\",\"@id\":\"https:\\\/\\\/www.collecta.at\\\/dsgvo14\\\/\",\"url\":\"https:\\\/\\\/www.collecta.at\\\/dsgvo14\\\/\",\"name\":\"Information pursuant to Art. 14 GDPR for data subjects - Collecta e.U.\",\"isPartOf\":{\"@id\":\"https:\\\/\\\/www.collecta.at\\\/#website\"},\"primaryImageOfPage\":{\"@id\":\"https:\\\/\\\/www.collecta.at\\\/dsgvo14\\\/#primaryimage\"},\"image\":{\"@id\":\"https:\\\/\\\/www.collecta.at\\\/dsgvo14\\\/#primaryimage\"},\"thumbnailUrl\":\"https:\\\/\\\/www.collecta.at\\\/wp-content\\\/uploads\\\/2024\\\/06\\\/datenschutz_collectaeu.jpg\",\"datePublished\":\"2024-06-01T15:37:47+00:00\",\"dateModified\":\"2024-06-16T09:13:19+00:00\",\"description\":\"Collecta e.U BankServiceCenter assists you in claims and services in connection with leasing and loans.\",\"breadcrumb\":{\"@id\":\"https:\\\/\\\/www.collecta.at\\\/dsgvo14\\\/#breadcrumb\"},\"inLanguage\":\"en-US\",\"potentialAction\":[{\"@type\":\"ReadAction\",\"target\":[\"https:\\\/\\\/www.collecta.at\\\/dsgvo14\\\/\"]}]},{\"@type\":\"ImageObject\",\"inLanguage\":\"en-US\",\"@id\":\"https:\\\/\\\/www.collecta.at\\\/dsgvo14\\\/#primaryimage\",\"url\":\"https:\\\/\\\/www.collecta.at\\\/wp-content\\\/uploads\\\/2024\\\/06\\\/datenschutz_collectaeu.jpg\",\"contentUrl\":\"https:\\\/\\\/www.collecta.at\\\/wp-content\\\/uploads\\\/2024\\\/06\\\/datenschutz_collectaeu.jpg\",\"width\":2000,\"height\":1334,\"caption\":\"Padlock on laptop. Internet data privacy information security concept. High quality photo\"},{\"@type\":\"BreadcrumbList\",\"@id\":\"https:\\\/\\\/www.collecta.at\\\/dsgvo14\\\/#breadcrumb\",\"itemListElement\":[{\"@type\":\"ListItem\",\"position\":1,\"name\":\"Startseite\",\"item\":\"https:\\\/\\\/www.collecta.at\\\/\"},{\"@type\":\"ListItem\",\"position\":2,\"name\":\"Information pursuant to Art. 14 GDPR for data subjects\"}]},{\"@type\":\"WebSite\",\"@id\":\"https:\\\/\\\/www.collecta.at\\\/#website\",\"url\":\"https:\\\/\\\/www.collecta.at\\\/\",\"name\":\"Collecta e.U.\",\"description\":\"BankServiceCenter\",\"potentialAction\":[{\"@type\":\"SearchAction\",\"target\":{\"@type\":\"EntryPoint\",\"urlTemplate\":\"https:\\\/\\\/www.collecta.at\\\/?s={search_term_string}\"},\"query-input\":{\"@type\":\"PropertyValueSpecification\",\"valueRequired\":true,\"valueName\":\"search_term_string\"}}],\"inLanguage\":\"en-US\"}]}<\/script>\n<!-- \/ Yoast SEO plugin. -->","yoast_head_json":{"title":"Information pursuant to Art. 14 GDPR for data subjects - Collecta e.U.","description":"Collecta e.U BankServiceCenter assists you in claims and services in connection with leasing and loans.","robots":{"index":"noindex","follow":"nofollow"},"og_locale":"en_US","og_type":"article","og_title":"Information pursuant to Art. 14 GDPR for data subjects","og_description":"Collecta e.U BankServiceCenter assists you in claims and services in connection with leasing and loans.","og_url":"https:\/\/www.collecta.at\/dsgvo14\/","og_site_name":"Collecta e.U.","article_modified_time":"2024-06-16T09:13:19+00:00","og_image":[{"width":2000,"height":1334,"url":"https:\/\/www.collecta.at\/wp-content\/uploads\/2024\/06\/datenschutz_collectaeu.jpg","type":"image\/jpeg"}],"twitter_card":"summary_large_image","twitter_title":"Information pursuant to Art. 14 GDPR for data subjects","twitter_description":"Collecta e.U BankServiceCenter assists you in claims and services in connection with leasing and loans.","twitter_image":"https:\/\/www.collecta.at\/wp-content\/uploads\/2024\/06\/datenschutz_collectaeu.jpg","twitter_misc":{"Est. reading time":"4 minutes"},"schema":{"@context":"https:\/\/schema.org","@graph":[{"@type":"WebPage","@id":"https:\/\/www.collecta.at\/dsgvo14\/","url":"https:\/\/www.collecta.at\/dsgvo14\/","name":"Information pursuant to Art. 14 GDPR for data subjects - Collecta e.U.","isPartOf":{"@id":"https:\/\/www.collecta.at\/#website"},"primaryImageOfPage":{"@id":"https:\/\/www.collecta.at\/dsgvo14\/#primaryimage"},"image":{"@id":"https:\/\/www.collecta.at\/dsgvo14\/#primaryimage"},"thumbnailUrl":"https:\/\/www.collecta.at\/wp-content\/uploads\/2024\/06\/datenschutz_collectaeu.jpg","datePublished":"2024-06-01T15:37:47+00:00","dateModified":"2024-06-16T09:13:19+00:00","description":"Collecta e.U BankServiceCenter assists you in claims and services in connection with leasing and loans.","breadcrumb":{"@id":"https:\/\/www.collecta.at\/dsgvo14\/#breadcrumb"},"inLanguage":"en-US","potentialAction":[{"@type":"ReadAction","target":["https:\/\/www.collecta.at\/dsgvo14\/"]}]},{"@type":"ImageObject","inLanguage":"en-US","@id":"https:\/\/www.collecta.at\/dsgvo14\/#primaryimage","url":"https:\/\/www.collecta.at\/wp-content\/uploads\/2024\/06\/datenschutz_collectaeu.jpg","contentUrl":"https:\/\/www.collecta.at\/wp-content\/uploads\/2024\/06\/datenschutz_collectaeu.jpg","width":2000,"height":1334,"caption":"Padlock on laptop. Internet data privacy information security concept. High quality photo"},{"@type":"BreadcrumbList","@id":"https:\/\/www.collecta.at\/dsgvo14\/#breadcrumb","itemListElement":[{"@type":"ListItem","position":1,"name":"Startseite","item":"https:\/\/www.collecta.at\/"},{"@type":"ListItem","position":2,"name":"Information pursuant to Art. 14 GDPR for data subjects"}]},{"@type":"WebSite","@id":"https:\/\/www.collecta.at\/#website","url":"https:\/\/www.collecta.at\/","name":"Collecta e.U.","description":"BankServiceCenter","potentialAction":[{"@type":"SearchAction","target":{"@type":"EntryPoint","urlTemplate":"https:\/\/www.collecta.at\/?s={search_term_string}"},"query-input":{"@type":"PropertyValueSpecification","valueRequired":true,"valueName":"search_term_string"}}],"inLanguage":"en-US"}]}},"_links":{"self":[{"href":"https:\/\/www.collecta.at\/en\/wp-json\/wp\/v2\/pages\/427","targetHints":{"allow":["GET"]}}],"collection":[{"href":"https:\/\/www.collecta.at\/en\/wp-json\/wp\/v2\/pages"}],"about":[{"href":"https:\/\/www.collecta.at\/en\/wp-json\/wp\/v2\/types\/page"}],"author":[{"embeddable":true,"href":"https:\/\/www.collecta.at\/en\/wp-json\/wp\/v2\/users\/1"}],"replies":[{"embeddable":true,"href":"https:\/\/www.collecta.at\/en\/wp-json\/wp\/v2\/comments?post=427"}],"version-history":[{"count":2,"href":"https:\/\/www.collecta.at\/en\/wp-json\/wp\/v2\/pages\/427\/revisions"}],"predecessor-version":[{"id":432,"href":"https:\/\/www.collecta.at\/en\/wp-json\/wp\/v2\/pages\/427\/revisions\/432"}],"wp:featuredmedia":[{"embeddable":true,"href":"https:\/\/www.collecta.at\/en\/wp-json\/wp\/v2\/media\/21"}],"wp:attachment":[{"href":"https:\/\/www.collecta.at\/en\/wp-json\/wp\/v2\/media?parent=427"}],"curies":[{"name":"wp","href":"https:\/\/api.w.org\/{rel}","templated":true}]}}